{"id":2569,"date":"2025-01-21T15:25:53","date_gmt":"2025-01-21T15:25:53","guid":{"rendered":"https:\/\/staging.ming-agentur.ch\/?page_id=2569"},"modified":"2025-06-03T09:12:00","modified_gmt":"2025-06-03T09:12:00","slug":"anne","status":"publish","type":"page","link":"https:\/\/ming-agentur.ch\/en\/anne","title":{"rendered":"Anne"},"content":{"rendered":"<div data-elementor-type=\"wp-page\" data-elementor-id=\"2569\" class=\"elementor elementor-2569\" data-elementor-post-type=\"page\">\n\t\t\t\t<div class=\"elementor-element elementor-element-21781ab e-flex e-con-boxed wpr-particle-no wpr-jarallax-no wpr-parallax-no wpr-sticky-section-no e-con e-parent\" data-id=\"21781ab\" data-element_type=\"container\" data-e-type=\"container\">\n\t\t\t\t\t<div class=\"e-con-inner\">\n\t\t<div class=\"elementor-element elementor-element-76af3e7 e-con-full e-flex wpr-particle-no wpr-jarallax-no wpr-parallax-no wpr-sticky-section-no e-con e-child\" data-id=\"76af3e7\" data-element_type=\"container\" data-e-type=\"container\">\n\t\t\t\t<div class=\"elementor-element elementor-element-a3ed6f7 elementor-widget elementor-widget-image\" data-id=\"a3ed6f7\" data-element_type=\"widget\" data-e-type=\"widget\" data-widget_type=\"image.default\">\n\t\t\t\t<div class=\"elementor-widget-container\">\n\t\t\t\t\t\t\t\t\t\t\t\t\t\t\t<img fetchpriority=\"high\" decoding=\"async\" width=\"720\" height=\"1024\" src=\"https:\/\/ming-agentur.ch\/wp-content\/uploads\/2025\/01\/Ming_agentur_Team_Anne-Ohlendorf-Senn_2-720x1024.jpg\" class=\"attachment-large size-large wp-image-2571\" alt=\"\" srcset=\"https:\/\/ming-agentur.ch\/wp-content\/uploads\/2025\/01\/Ming_agentur_Team_Anne-Ohlendorf-Senn_2-720x1024.jpg 720w, https:\/\/ming-agentur.ch\/wp-content\/uploads\/2025\/01\/Ming_agentur_Team_Anne-Ohlendorf-Senn_2-211x300.jpg 211w, https:\/\/ming-agentur.ch\/wp-content\/uploads\/2025\/01\/Ming_agentur_Team_Anne-Ohlendorf-Senn_2-768x1093.jpg 768w, https:\/\/ming-agentur.ch\/wp-content\/uploads\/2025\/01\/Ming_agentur_Team_Anne-Ohlendorf-Senn_2-1079x1536.jpg 1079w, https:\/\/ming-agentur.ch\/wp-content\/uploads\/2025\/01\/Ming_agentur_Team_Anne-Ohlendorf-Senn_2-1439x2048.jpg 1439w, https:\/\/ming-agentur.ch\/wp-content\/uploads\/2025\/01\/Ming_agentur_Team_Anne-Ohlendorf-Senn_2-scaled.jpg 1799w\" sizes=\"(max-width: 720px) 100vw, 720px\" \/>\t\t\t\t\t\t\t\t\t\t\t\t\t\t\t<\/div>\n\t\t\t\t<\/div>\n\t\t\t\t<\/div>\n\t\t<div class=\"elementor-element elementor-element-f533e07 e-con-full e-flex wpr-particle-no wpr-jarallax-no wpr-parallax-no wpr-sticky-section-no e-con e-child\" data-id=\"f533e07\" data-element_type=\"container\" data-e-type=\"container\">\n\t\t\t\t<div class=\"elementor-element elementor-element-f203aa1 elementor-widget elementor-widget-text-editor\" data-id=\"f203aa1\" data-element_type=\"widget\" data-e-type=\"widget\" data-widget_type=\"text-editor.default\">\n\t\t\t\t<div class=\"elementor-widget-container\">\n\t\t\t\t\t\t\t\t\t<p>anne.<\/p>\t\t\t\t\t\t\t\t<\/div>\n\t\t\t\t<\/div>\n\t\t\t\t<div class=\"elementor-element elementor-element-31c7803 elementor-widget elementor-widget-text-editor\" data-id=\"31c7803\" data-element_type=\"widget\" data-e-type=\"widget\" data-widget_type=\"text-editor.default\">\n\t\t\t\t<div class=\"elementor-widget-container\">\n\t\t\t\t\t\t\t\t\t<p><strong>The coordinator<\/strong><\/p>\t\t\t\t\t\t\t\t<\/div>\n\t\t\t\t<\/div>\n\t\t\t\t<div class=\"elementor-element elementor-element-078415a elementor-shape-circle e-grid-align-left elementor-grid-0 elementor-widget elementor-widget-social-icons\" data-id=\"078415a\" data-element_type=\"widget\" data-e-type=\"widget\" data-widget_type=\"social-icons.default\">\n\t\t\t\t<div class=\"elementor-widget-container\">\n\t\t\t\t\t\t\t<div class=\"elementor-social-icons-wrapper elementor-grid\" role=\"list\">\n\t\t\t\t\t\t\t<span class=\"elementor-grid-item\" role=\"listitem\">\n\t\t\t\t\t<a class=\"elementor-icon elementor-social-icon elementor-social-icon-linkedin elementor-repeater-item-2ad9469\" href=\"https:\/\/www.linkedin.com\/in\/anne-ohlendorf-senn-a2155977\/\" target=\"_blank\" rel=\"noopener\">\n\t\t\t\t\t\t<span class=\"elementor-screen-only\">Linkedin<\/span>\n\t\t\t\t\t\t<svg aria-hidden=\"true\" class=\"e-font-icon-svg e-fab-linkedin\" viewbox=\"0 0 448 512\" xmlns=\"http:\/\/www.w3.org\/2000\/svg\"><path d=\"M416 32H31.9C14.3 32 0 46.5 0 64.3v383.4C0 465.5 14.3 480 31.9 480H416c17.6 0 32-14.5 32-32.3V64.3c0-17.8-14.4-32.3-32-32.3zM135.4 416H69V202.2h66.5V416zm-33.2-243c-21.3 0-38.5-17.3-38.5-38.5S80.9 96 102.2 96c21.2 0 38.5 17.3 38.5 38.5 0 21.3-17.2 38.5-38.5 38.5zm282.1 243h-66.4V312c0-24.8-.5-56.7-34.5-56.7-34.6 0-39.9 27-39.9 54.9V416h-66.4V202.2h63.7v29.2h.9c8.9-16.8 30.6-34.5 62.9-34.5 67.2 0 79.7 44.3 79.7 101.9V416z\"><\/path><\/svg>\t\t\t\t\t<\/a>\n\t\t\t\t<\/span>\n\t\t\t\t\t\t\t<span class=\"elementor-grid-item\" role=\"listitem\">\n\t\t\t\t\t<a class=\"elementor-icon elementor-social-icon elementor-social-icon-envelope elementor-repeater-item-46bb00d\" href=\"mailto:a.ohlendorf-senn@ming-agentur.ch\" target=\"_blank\">\n\t\t\t\t\t\t<span class=\"elementor-screen-only\">Envelope<\/span>\n\t\t\t\t\t\t<svg aria-hidden=\"true\" class=\"e-font-icon-svg e-fas-envelope\" viewbox=\"0 0 512 512\" xmlns=\"http:\/\/www.w3.org\/2000\/svg\"><path d=\"M502.3 190.8c3.9-3.1 9.7-.2 9.7 4.7V400c0 26.5-21.5 48-48 48H48c-26.5 0-48-21.5-48-48V195.6c0-5 5.7-7.8 9.7-4.7 22.4 17.4 52.1 39.5 154.1 113.6 21.1 15.4 56.7 47.8 92.2 47.6 35.7.3 72-32.8 92.3-47.6 102-74.1 131.6-96.3 154-113.7zM256 320c23.2.4 56.6-29.2 73.4-41.4 132.7-96.3 142.8-104.7 173.4-128.7 5.8-4.5 9.2-11.5 9.2-18.9v-19c0-26.5-21.5-48-48-48H48C21.5 64 0 85.5 0 112v19c0 7.4 3.4 14.3 9.2 18.9 30.6 23.9 40.7 32.4 173.4 128.7 16.8 12.2 50.2 41.8 73.4 41.4z\"><\/path><\/svg>\t\t\t\t\t<\/a>\n\t\t\t\t<\/span>\n\t\t\t\t\t<\/div>\n\t\t\t\t\t\t<\/div>\n\t\t\t\t<\/div>\n\t\t\t\t<\/div>\n\t\t\t\t\t<\/div>\n\t\t\t\t<\/div>\n\t\t<div class=\"elementor-element elementor-element-b14cc40 e-flex e-con-boxed wpr-particle-no wpr-jarallax-no wpr-parallax-no wpr-sticky-section-no e-con e-parent\" data-id=\"b14cc40\" data-element_type=\"container\" data-e-type=\"container\">\n\t\t\t\t\t<div class=\"e-con-inner\">\n\t\t<div class=\"elementor-element elementor-element-e7a0313 e-con-full e-flex wpr-particle-no wpr-jarallax-no wpr-parallax-no wpr-sticky-section-no e-con e-child\" data-id=\"e7a0313\" data-element_type=\"container\" data-e-type=\"container\">\n\t\t\t\t<div class=\"elementor-element elementor-element-b0e3a3e elementor-widget elementor-widget-text-editor\" data-id=\"b0e3a3e\" data-element_type=\"widget\" data-e-type=\"widget\" data-widget_type=\"text-editor.default\">\n\t\t\t\t<div class=\"elementor-widget-container\">\n\t\t\t\t\t\t\t\t\t<p>Mother and true master of balancing family and career. As an HR expert with a master's degree in business psychology, I bring my enjoyment of working with people to everything I do. With many years of experience in marketing, communications, and event organization\u2014both on the agency and corporate side\u2014I have a keen sense for creative solutions and employee management, especially in the lifestyle industry.<\/p><p>I am just as committed in my private life as I am in my professional life: in the parents' council, in community work, and much more. In my free time, I love to recharge my batteries with exercise in the fresh air, and I also enjoy drawing inspiration from art, culture, fashion, and a good book. My motto: With heart, humor, and organizational skills, you can master anything\u2014even Monday mornings.<\/p>\t\t\t\t\t\t\t\t<\/div>\n\t\t\t\t<\/div>\n\t\t\t\t<\/div>\n\t\t<div class=\"elementor-element elementor-element-3bdd4c8 e-con-full e-flex wpr-particle-no wpr-jarallax-no wpr-parallax-no wpr-sticky-section-no e-con e-child\" data-id=\"3bdd4c8\" data-element_type=\"container\" data-e-type=\"container\">\n\t\t\t\t<div class=\"elementor-element elementor-element-7ce19ac elementor-widget elementor-widget-image\" data-id=\"7ce19ac\" data-element_type=\"widget\" data-e-type=\"widget\" data-widget_type=\"image.default\">\n\t\t\t\t<div class=\"elementor-widget-container\">\n\t\t\t\t\t\t\t\t\t\t\t\t\t\t\t<img decoding=\"async\" width=\"713\" height=\"1024\" src=\"https:\/\/ming-agentur.ch\/wp-content\/uploads\/2025\/01\/Ming_agentur_Team_Anne-Ohlendorf-Senn_Privat-713x1024.jpg\" class=\"attachment-large size-large wp-image-2855\" alt=\"\" srcset=\"https:\/\/ming-agentur.ch\/wp-content\/uploads\/2025\/01\/Ming_agentur_Team_Anne-Ohlendorf-Senn_Privat-713x1024.jpg 713w, https:\/\/ming-agentur.ch\/wp-content\/uploads\/2025\/01\/Ming_agentur_Team_Anne-Ohlendorf-Senn_Privat-209x300.jpg 209w, https:\/\/ming-agentur.ch\/wp-content\/uploads\/2025\/01\/Ming_agentur_Team_Anne-Ohlendorf-Senn_Privat-768x1104.jpg 768w, https:\/\/ming-agentur.ch\/wp-content\/uploads\/2025\/01\/Ming_agentur_Team_Anne-Ohlendorf-Senn_Privat-1069x1536.jpg 1069w, https:\/\/ming-agentur.ch\/wp-content\/uploads\/2025\/01\/Ming_agentur_Team_Anne-Ohlendorf-Senn_Privat-1425x2048.jpg 1425w, https:\/\/ming-agentur.ch\/wp-content\/uploads\/2025\/01\/Ming_agentur_Team_Anne-Ohlendorf-Senn_Privat-scaled.jpg 1781w\" sizes=\"(max-width: 713px) 100vw, 713px\" \/>\t\t\t\t\t\t\t\t\t\t\t\t\t\t\t<\/div>\n\t\t\t\t<\/div>\n\t\t\t\t<\/div>\n\t\t\t\t\t<\/div>\n\t\t\t\t<\/div>\n\t\t\t\t<\/div>","protected":false},"excerpt":{"rendered":"<p>anne. Die Koordinatorin Linkedin Envelope Mutter und wahre Meisterin im Spagat zwischen Familie und Karriere. Als HR-Expertin mit einem Master in Business Psychologie bringe ich meine Freude am Umgang mit Menschen in alles ein, was ich tue. Mit langj\u00e4hriger Erfahrung in Marketing, Kommunikation und Eventorganisation \u2013 sowohl auf Agentur- als auch Unternehmensseite \u2013 habe ich ein gutes Gesp\u00fcr f\u00fcr kreative L\u00f6sungen und Mitarbeiterf\u00fchrung, besonders in der Lifestyle-Branche. Privat bin ich genauso engagiert wie beruflich: im Elternrat, in der Gemeindearbeit u.v.m. In meiner Freizeit liebe ich es, an der frischen Luft mit Bewegung &#8211; Energie zu tanken, ausserdem lasse ich mich gern von Kunst, Kultur, Mode und einem guten Buch inspirieren. Mein Motto: Mit Herz, Humor und Organisationstalent meistert man alles \u2013 auch Montagmorgende.<\/p>","protected":false},"author":4,"featured_media":0,"parent":0,"menu_order":0,"comment_status":"closed","ping_status":"closed","template":"elementor_header_footer","meta":{"footnotes":""},"class_list":["post-2569","page","type-page","status-publish","hentry"],"_links":{"self":[{"href":"https:\/\/ming-agentur.ch\/en\/wp-json\/wp\/v2\/pages\/2569","targetHints":{"allow":["GET"]}}],"collection":[{"href":"https:\/\/ming-agentur.ch\/en\/wp-json\/wp\/v2\/pages"}],"about":[{"href":"https:\/\/ming-agentur.ch\/en\/wp-json\/wp\/v2\/types\/page"}],"author":[{"embeddable":true,"href":"https:\/\/ming-agentur.ch\/en\/wp-json\/wp\/v2\/users\/4"}],"replies":[{"embeddable":true,"href":"https:\/\/ming-agentur.ch\/en\/wp-json\/wp\/v2\/comments?post=2569"}],"version-history":[{"count":13,"href":"https:\/\/ming-agentur.ch\/en\/wp-json\/wp\/v2\/pages\/2569\/revisions"}],"predecessor-version":[{"id":3891,"href":"https:\/\/ming-agentur.ch\/en\/wp-json\/wp\/v2\/pages\/2569\/revisions\/3891"}],"wp:attachment":[{"href":"https:\/\/ming-agentur.ch\/en\/wp-json\/wp\/v2\/media?parent=2569"}],"curies":[{"name":"wp","href":"https:\/\/api.w.org\/{rel}","templated":true}]}}