{"id":2612,"date":"2025-01-21T15:41:18","date_gmt":"2025-01-21T15:41:18","guid":{"rendered":"https:\/\/staging.ming-agentur.ch\/?page_id=2612"},"modified":"2025-02-17T09:03:44","modified_gmt":"2025-02-17T09:03:44","slug":"claude","status":"publish","type":"page","link":"https:\/\/ming-agentur.ch\/en\/claude","title":{"rendered":"Claude"},"content":{"rendered":"<div data-elementor-type=\"wp-page\" data-elementor-id=\"2612\" class=\"elementor elementor-2612\" data-elementor-post-type=\"page\">\n\t\t\t\t<div class=\"elementor-element elementor-element-21781ab e-flex e-con-boxed wpr-particle-no wpr-jarallax-no wpr-parallax-no wpr-sticky-section-no e-con e-parent\" data-id=\"21781ab\" data-element_type=\"container\" data-e-type=\"container\">\n\t\t\t\t\t<div class=\"e-con-inner\">\n\t\t<div class=\"elementor-element elementor-element-76af3e7 e-con-full e-flex wpr-particle-no wpr-jarallax-no wpr-parallax-no wpr-sticky-section-no e-con e-child\" data-id=\"76af3e7\" data-element_type=\"container\" data-e-type=\"container\">\n\t\t\t\t<div class=\"elementor-element elementor-element-a3ed6f7 elementor-widget elementor-widget-image\" data-id=\"a3ed6f7\" data-element_type=\"widget\" data-e-type=\"widget\" data-widget_type=\"image.default\">\n\t\t\t\t<div class=\"elementor-widget-container\">\n\t\t\t\t\t\t\t\t\t\t\t\t\t\t\t<img fetchpriority=\"high\" decoding=\"async\" width=\"720\" height=\"1024\" src=\"https:\/\/ming-agentur.ch\/wp-content\/uploads\/2025\/01\/Ming_agentur_Team_Claude-Grossglauser_2-720x1024.jpg\" class=\"attachment-large size-large wp-image-2614\" alt=\"\" srcset=\"https:\/\/ming-agentur.ch\/wp-content\/uploads\/2025\/01\/Ming_agentur_Team_Claude-Grossglauser_2-720x1024.jpg 720w, https:\/\/ming-agentur.ch\/wp-content\/uploads\/2025\/01\/Ming_agentur_Team_Claude-Grossglauser_2-211x300.jpg 211w, https:\/\/ming-agentur.ch\/wp-content\/uploads\/2025\/01\/Ming_agentur_Team_Claude-Grossglauser_2-768x1093.jpg 768w, https:\/\/ming-agentur.ch\/wp-content\/uploads\/2025\/01\/Ming_agentur_Team_Claude-Grossglauser_2-1079x1536.jpg 1079w, https:\/\/ming-agentur.ch\/wp-content\/uploads\/2025\/01\/Ming_agentur_Team_Claude-Grossglauser_2-1439x2048.jpg 1439w, https:\/\/ming-agentur.ch\/wp-content\/uploads\/2025\/01\/Ming_agentur_Team_Claude-Grossglauser_2-scaled.jpg 1799w\" sizes=\"(max-width: 720px) 100vw, 720px\" \/>\t\t\t\t\t\t\t\t\t\t\t\t\t\t\t<\/div>\n\t\t\t\t<\/div>\n\t\t\t\t<\/div>\n\t\t<div class=\"elementor-element elementor-element-f533e07 e-con-full e-flex wpr-particle-no wpr-jarallax-no wpr-parallax-no wpr-sticky-section-no e-con e-child\" data-id=\"f533e07\" data-element_type=\"container\" data-e-type=\"container\">\n\t\t\t\t<div class=\"elementor-element elementor-element-f203aa1 elementor-widget elementor-widget-text-editor\" data-id=\"f203aa1\" data-element_type=\"widget\" data-e-type=\"widget\" data-widget_type=\"text-editor.default\">\n\t\t\t\t<div class=\"elementor-widget-container\">\n\t\t\t\t\t\t\t\t\t<p>claude.<\/p>\t\t\t\t\t\t\t\t<\/div>\n\t\t\t\t<\/div>\n\t\t\t\t<div class=\"elementor-element elementor-element-31c7803 elementor-widget elementor-widget-text-editor\" data-id=\"31c7803\" data-element_type=\"widget\" data-e-type=\"widget\" data-widget_type=\"text-editor.default\">\n\t\t\t\t<div class=\"elementor-widget-container\">\n\t\t\t\t\t\t\t\t\t<p><strong>The number juggler<\/strong><\/p>\t\t\t\t\t\t\t\t<\/div>\n\t\t\t\t<\/div>\n\t\t\t\t<div class=\"elementor-element elementor-element-078415a elementor-shape-circle e-grid-align-left elementor-grid-0 elementor-widget elementor-widget-social-icons\" data-id=\"078415a\" data-element_type=\"widget\" data-e-type=\"widget\" data-widget_type=\"social-icons.default\">\n\t\t\t\t<div class=\"elementor-widget-container\">\n\t\t\t\t\t\t\t<div class=\"elementor-social-icons-wrapper elementor-grid\">\n\t\t\t\t\t\t\t<span class=\"elementor-grid-item\">\n\t\t\t\t\t<a class=\"elementor-icon elementor-social-icon elementor-social-icon-linkedin elementor-repeater-item-2ad9469\" href=\"https:\/\/www.linkedin.com\/in\/anne-ohlendorf-senn-a2155977\/\" target=\"_blank\" rel=\"noopener\">\n\t\t\t\t\t\t<span class=\"elementor-screen-only\">Linkedin<\/span>\n\t\t\t\t\t\t<svg aria-hidden=\"true\" class=\"e-font-icon-svg e-fab-linkedin\" viewbox=\"0 0 448 512\" xmlns=\"http:\/\/www.w3.org\/2000\/svg\"><path d=\"M416 32H31.9C14.3 32 0 46.5 0 64.3v383.4C0 465.5 14.3 480 31.9 480H416c17.6 0 32-14.5 32-32.3V64.3c0-17.8-14.4-32.3-32-32.3zM135.4 416H69V202.2h66.5V416zm-33.2-243c-21.3 0-38.5-17.3-38.5-38.5S80.9 96 102.2 96c21.2 0 38.5 17.3 38.5 38.5 0 21.3-17.2 38.5-38.5 38.5zm282.1 243h-66.4V312c0-24.8-.5-56.7-34.5-56.7-34.6 0-39.9 27-39.9 54.9V416h-66.4V202.2h63.7v29.2h.9c8.9-16.8 30.6-34.5 62.9-34.5 67.2 0 79.7 44.3 79.7 101.9V416z\"><\/path><\/svg>\t\t\t\t\t<\/a>\n\t\t\t\t<\/span>\n\t\t\t\t\t<\/div>\n\t\t\t\t\t\t<\/div>\n\t\t\t\t<\/div>\n\t\t\t\t<\/div>\n\t\t\t\t\t<\/div>\n\t\t\t\t<\/div>\n\t\t<div class=\"elementor-element elementor-element-b14cc40 e-flex e-con-boxed wpr-particle-no wpr-jarallax-no wpr-parallax-no wpr-sticky-section-no e-con e-parent\" data-id=\"b14cc40\" data-element_type=\"container\" data-e-type=\"container\">\n\t\t\t\t\t<div class=\"e-con-inner\">\n\t\t<div class=\"elementor-element elementor-element-e7a0313 e-con-full e-flex wpr-particle-no wpr-jarallax-no wpr-parallax-no wpr-sticky-section-no e-con e-child\" data-id=\"e7a0313\" data-element_type=\"container\" data-e-type=\"container\">\n\t\t\t\t<div class=\"elementor-element elementor-element-b0e3a3e elementor-widget elementor-widget-text-editor\" data-id=\"b0e3a3e\" data-element_type=\"widget\" data-e-type=\"widget\" data-widget_type=\"text-editor.default\">\n\t\t\t\t<div class=\"elementor-widget-container\">\n\t\t\t\t\t\t\t\t\t<p>As a self-employed businessman, I have been working mainly with numbers for 35 years. Accounting has always fascinated me. For the past three years, I have been able to \u201cfix\u201d the numbers as an accountant at ming agentur, among other clients.<\/p><p>In my private life, I can often be found in our kitchen, as cooking and baking are my passions. I also enjoy playing boisterously with our baby Jack Russell or going for walks. In addition, my lovely partner, literature, decorating, and traveling have been my passions for many years.<\/p>\t\t\t\t\t\t\t\t<\/div>\n\t\t\t\t<\/div>\n\t\t\t\t<\/div>\n\t\t<div class=\"elementor-element elementor-element-3bdd4c8 e-con-full e-flex wpr-particle-no wpr-jarallax-no wpr-parallax-no wpr-sticky-section-no e-con e-child\" data-id=\"3bdd4c8\" data-element_type=\"container\" data-e-type=\"container\">\n\t\t\t\t<div class=\"elementor-element elementor-element-7ce19ac elementor-widget elementor-widget-image\" data-id=\"7ce19ac\" data-element_type=\"widget\" data-e-type=\"widget\" data-widget_type=\"image.default\">\n\t\t\t\t<div class=\"elementor-widget-container\">\n\t\t\t\t\t\t\t\t\t\t\t\t\t\t\t<img decoding=\"async\" width=\"684\" height=\"983\" src=\"https:\/\/ming-agentur.ch\/wp-content\/uploads\/2025\/02\/Ming_agentur_Team_Claude-Grossglauser_Privat.jpg\" class=\"attachment-large size-large wp-image-3279\" alt=\"\" srcset=\"https:\/\/ming-agentur.ch\/wp-content\/uploads\/2025\/02\/Ming_agentur_Team_Claude-Grossglauser_Privat.jpg 684w, https:\/\/ming-agentur.ch\/wp-content\/uploads\/2025\/02\/Ming_agentur_Team_Claude-Grossglauser_Privat-209x300.jpg 209w\" sizes=\"(max-width: 684px) 100vw, 684px\" \/>\t\t\t\t\t\t\t\t\t\t\t\t\t\t\t<\/div>\n\t\t\t\t<\/div>\n\t\t\t\t<\/div>\n\t\t\t\t\t<\/div>\n\t\t\t\t<\/div>\n\t\t<div class=\"elementor-element elementor-element-a097439 e-flex e-con-boxed wpr-particle-no wpr-jarallax-no wpr-parallax-no wpr-sticky-section-no e-con e-parent\" data-id=\"a097439\" data-element_type=\"container\" data-e-type=\"container\">\n\t\t\t\t\t<div class=\"e-con-inner\">\n\t\t\t\t<div class=\"elementor-element elementor-element-216d09a elementor-widget elementor-widget-image\" data-id=\"216d09a\" data-element_type=\"widget\" data-e-type=\"widget\" data-widget_type=\"image.default\">\n\t\t\t\t<div class=\"elementor-widget-container\">\n\t\t\t\t\t\t\t\t\t\t\t\t\t\t\t<img decoding=\"async\" width=\"800\" height=\"587\" src=\"https:\/\/ming-agentur.ch\/wp-content\/uploads\/2025\/02\/Ming_agentur_Team_Claude_Grossglauser_Privat_2-1024x751.jpg\" class=\"attachment-large size-large wp-image-3280\" alt=\"\" srcset=\"https:\/\/ming-agentur.ch\/wp-content\/uploads\/2025\/02\/Ming_agentur_Team_Claude_Grossglauser_Privat_2-1024x751.jpg 1024w, https:\/\/ming-agentur.ch\/wp-content\/uploads\/2025\/02\/Ming_agentur_Team_Claude_Grossglauser_Privat_2-300x220.jpg 300w, https:\/\/ming-agentur.ch\/wp-content\/uploads\/2025\/02\/Ming_agentur_Team_Claude_Grossglauser_Privat_2-768x563.jpg 768w, https:\/\/ming-agentur.ch\/wp-content\/uploads\/2025\/02\/Ming_agentur_Team_Claude_Grossglauser_Privat_2.jpg 1508w\" sizes=\"(max-width: 800px) 100vw, 800px\" \/>\t\t\t\t\t\t\t\t\t\t\t\t\t\t\t<\/div>\n\t\t\t\t<\/div>\n\t\t\t\t\t<\/div>\n\t\t\t\t<\/div>\n\t\t<div class=\"elementor-element elementor-element-4c6aec4 e-flex e-con-boxed wpr-particle-no wpr-jarallax-no wpr-parallax-no wpr-sticky-section-no e-con e-parent\" data-id=\"4c6aec4\" data-element_type=\"container\" data-e-type=\"container\">\n\t\t\t\t\t<div class=\"e-con-inner\">\n\t\t<div class=\"elementor-element elementor-element-df22ac9 e-con-full e-flex wpr-particle-no wpr-jarallax-no wpr-parallax-no wpr-sticky-section-no e-con e-child\" data-id=\"df22ac9\" data-element_type=\"container\" data-e-type=\"container\">\n\t\t\t\t<div class=\"elementor-element elementor-element-8e55791 elementor-widget elementor-widget-image\" data-id=\"8e55791\" data-element_type=\"widget\" data-e-type=\"widget\" data-widget_type=\"image.default\">\n\t\t\t\t<div class=\"elementor-widget-container\">\n\t\t\t\t\t\t\t\t\t\t\t\t\t\t\t<img loading=\"lazy\" decoding=\"async\" width=\"725\" height=\"1024\" src=\"https:\/\/ming-agentur.ch\/wp-content\/uploads\/2025\/02\/Ming_agentur_Team_Claude-Grossglauser_Privat_3-725x1024.jpg\" class=\"attachment-large size-large wp-image-3284\" alt=\"\" srcset=\"https:\/\/ming-agentur.ch\/wp-content\/uploads\/2025\/02\/Ming_agentur_Team_Claude-Grossglauser_Privat_3-725x1024.jpg 725w, https:\/\/ming-agentur.ch\/wp-content\/uploads\/2025\/02\/Ming_agentur_Team_Claude-Grossglauser_Privat_3-212x300.jpg 212w, https:\/\/ming-agentur.ch\/wp-content\/uploads\/2025\/02\/Ming_agentur_Team_Claude-Grossglauser_Privat_3.jpg 731w\" sizes=\"(max-width: 725px) 100vw, 725px\" \/>\t\t\t\t\t\t\t\t\t\t\t\t\t\t\t<\/div>\n\t\t\t\t<\/div>\n\t\t\t\t<div class=\"elementor-element elementor-element-9b07c16 elementor-widget elementor-widget-image\" data-id=\"9b07c16\" data-element_type=\"widget\" data-e-type=\"widget\" data-widget_type=\"image.default\">\n\t\t\t\t<div class=\"elementor-widget-container\">\n\t\t\t\t\t\t\t\t\t\t\t\t\t\t\t<img loading=\"lazy\" decoding=\"async\" width=\"800\" height=\"369\" src=\"https:\/\/ming-agentur.ch\/wp-content\/uploads\/2025\/02\/Ming_agentur_Team_Claude-Grossglauser_Privat_5.jpg\" class=\"attachment-large size-large wp-image-3289\" alt=\"\" srcset=\"https:\/\/ming-agentur.ch\/wp-content\/uploads\/2025\/02\/Ming_agentur_Team_Claude-Grossglauser_Privat_5.jpg 992w, https:\/\/ming-agentur.ch\/wp-content\/uploads\/2025\/02\/Ming_agentur_Team_Claude-Grossglauser_Privat_5-300x139.jpg 300w, https:\/\/ming-agentur.ch\/wp-content\/uploads\/2025\/02\/Ming_agentur_Team_Claude-Grossglauser_Privat_5-768x355.jpg 768w\" sizes=\"(max-width: 800px) 100vw, 800px\" \/>\t\t\t\t\t\t\t\t\t\t\t\t\t\t\t<\/div>\n\t\t\t\t<\/div>\n\t\t\t\t<div class=\"elementor-element elementor-element-9b8f495 elementor-widget elementor-widget-image\" data-id=\"9b8f495\" data-element_type=\"widget\" data-e-type=\"widget\" data-widget_type=\"image.default\">\n\t\t\t\t<div class=\"elementor-widget-container\">\n\t\t\t\t\t\t\t\t\t\t\t\t\t\t\t<img loading=\"lazy\" decoding=\"async\" width=\"726\" height=\"967\" src=\"https:\/\/ming-agentur.ch\/wp-content\/uploads\/2025\/02\/Ming_agentur_Team_Claude-Grossglauser_Privat_7.jpg\" class=\"attachment-large size-large wp-image-3294\" alt=\"\" srcset=\"https:\/\/ming-agentur.ch\/wp-content\/uploads\/2025\/02\/Ming_agentur_Team_Claude-Grossglauser_Privat_7.jpg 726w, https:\/\/ming-agentur.ch\/wp-content\/uploads\/2025\/02\/Ming_agentur_Team_Claude-Grossglauser_Privat_7-225x300.jpg 225w\" sizes=\"(max-width: 726px) 100vw, 726px\" \/>\t\t\t\t\t\t\t\t\t\t\t\t\t\t\t<\/div>\n\t\t\t\t<\/div>\n\t\t\t\t<\/div>\n\t\t<div class=\"elementor-element elementor-element-e8b84e9 e-con-full e-flex wpr-particle-no wpr-jarallax-no wpr-parallax-no wpr-sticky-section-no e-con e-child\" data-id=\"e8b84e9\" data-element_type=\"container\" data-e-type=\"container\">\n\t\t\t\t<div class=\"elementor-element elementor-element-15a9014 elementor-widget elementor-widget-image\" data-id=\"15a9014\" data-element_type=\"widget\" data-e-type=\"widget\" data-widget_type=\"image.default\">\n\t\t\t\t<div class=\"elementor-widget-container\">\n\t\t\t\t\t\t\t\t\t\t\t\t\t\t\t<img loading=\"lazy\" decoding=\"async\" width=\"473\" height=\"1024\" src=\"https:\/\/ming-agentur.ch\/wp-content\/uploads\/2025\/02\/Ming_agentur_Team_Claude-Grossglauser_Privat_4-473x1024.jpg\" class=\"attachment-large size-large wp-image-3285\" alt=\"\" srcset=\"https:\/\/ming-agentur.ch\/wp-content\/uploads\/2025\/02\/Ming_agentur_Team_Claude-Grossglauser_Privat_4-473x1024.jpg 473w, https:\/\/ming-agentur.ch\/wp-content\/uploads\/2025\/02\/Ming_agentur_Team_Claude-Grossglauser_Privat_4-139x300.jpg 139w, https:\/\/ming-agentur.ch\/wp-content\/uploads\/2025\/02\/Ming_agentur_Team_Claude-Grossglauser_Privat_4.jpg 642w\" sizes=\"(max-width: 473px) 100vw, 473px\" \/>\t\t\t\t\t\t\t\t\t\t\t\t\t\t\t<\/div>\n\t\t\t\t<\/div>\n\t\t\t\t<div class=\"elementor-element elementor-element-41fba32 elementor-widget elementor-widget-image\" data-id=\"41fba32\" data-element_type=\"widget\" data-e-type=\"widget\" data-widget_type=\"image.default\">\n\t\t\t\t<div class=\"elementor-widget-container\">\n\t\t\t\t\t\t\t\t\t\t\t\t\t\t\t<img loading=\"lazy\" decoding=\"async\" width=\"473\" height=\"1024\" src=\"https:\/\/ming-agentur.ch\/wp-content\/uploads\/2025\/02\/Ming_agentur_Team_Claude-Grossglauser_Privat_6-473x1024.jpg\" class=\"attachment-large size-large wp-image-3290\" alt=\"\" srcset=\"https:\/\/ming-agentur.ch\/wp-content\/uploads\/2025\/02\/Ming_agentur_Team_Claude-Grossglauser_Privat_6-473x1024.jpg 473w, https:\/\/ming-agentur.ch\/wp-content\/uploads\/2025\/02\/Ming_agentur_Team_Claude-Grossglauser_Privat_6-139x300.jpg 139w, https:\/\/ming-agentur.ch\/wp-content\/uploads\/2025\/02\/Ming_agentur_Team_Claude-Grossglauser_Privat_6.jpg 476w\" sizes=\"(max-width: 473px) 100vw, 473px\" \/>\t\t\t\t\t\t\t\t\t\t\t\t\t\t\t<\/div>\n\t\t\t\t<\/div>\n\t\t\t\t<\/div>\n\t\t\t\t\t<\/div>\n\t\t\t\t<\/div>\n\t\t\t\t<\/div>","protected":false},"excerpt":{"rendered":"<p>claude. Der Zahlen-Jongleur Linkedin Als selbst\u00e4ndiger Kaufmann besch\u00e4ftige ich mich seit 35 Jahren haupts\u00e4chlich mit Zahlen. Das Rechnungswesen hat mich seit jeher fasziniert. Seit drei Jahren darf ich \u2013 neben anderen Mandaten \u2013 in der ming agentur als Buchhalter die Zahlen \u00abrichten\u00bb. Privat bin ich oft in unserer K\u00fcche anzutreffen, da Kochen und Backen meine Leidenschaften sind. Ausserdem geniesse ich es, ausgelassen mit unserem Baby-Jack Russell zu spielen oder spazieren zu gehen. Daneben begeistern mich seit vielen Jahren auch mein liebenswerter Partner, Literatur, Dekoration und Reisen.<\/p>","protected":false},"author":4,"featured_media":0,"parent":0,"menu_order":0,"comment_status":"closed","ping_status":"closed","template":"elementor_header_footer","meta":{"footnotes":""},"class_list":["post-2612","page","type-page","status-publish","hentry"],"_links":{"self":[{"href":"https:\/\/ming-agentur.ch\/en\/wp-json\/wp\/v2\/pages\/2612","targetHints":{"allow":["GET"]}}],"collection":[{"href":"https:\/\/ming-agentur.ch\/en\/wp-json\/wp\/v2\/pages"}],"about":[{"href":"https:\/\/ming-agentur.ch\/en\/wp-json\/wp\/v2\/types\/page"}],"author":[{"embeddable":true,"href":"https:\/\/ming-agentur.ch\/en\/wp-json\/wp\/v2\/users\/4"}],"replies":[{"embeddable":true,"href":"https:\/\/ming-agentur.ch\/en\/wp-json\/wp\/v2\/comments?post=2612"}],"version-history":[{"count":22,"href":"https:\/\/ming-agentur.ch\/en\/wp-json\/wp\/v2\/pages\/2612\/revisions"}],"predecessor-version":[{"id":3300,"href":"https:\/\/ming-agentur.ch\/en\/wp-json\/wp\/v2\/pages\/2612\/revisions\/3300"}],"wp:attachment":[{"href":"https:\/\/ming-agentur.ch\/en\/wp-json\/wp\/v2\/media?parent=2612"}],"curies":[{"name":"wp","href":"https:\/\/api.w.org\/{rel}","templated":true}]}}