{"id":2900,"date":"2025-01-28T08:34:37","date_gmt":"2025-01-28T08:34:37","guid":{"rendered":"https:\/\/staging.ming-agentur.ch\/?page_id=2900"},"modified":"2025-10-11T21:27:27","modified_gmt":"2025-10-11T21:27:27","slug":"ewa","status":"publish","type":"page","link":"https:\/\/ming-agentur.ch\/en\/ewa","title":{"rendered":"Ewa"},"content":{"rendered":"<div data-elementor-type=\"wp-page\" data-elementor-id=\"2900\" class=\"elementor elementor-2900\" data-elementor-post-type=\"page\">\n\t\t\t\t<div class=\"elementor-element elementor-element-21781ab e-flex e-con-boxed wpr-particle-no wpr-jarallax-no wpr-parallax-no wpr-sticky-section-no e-con e-parent\" data-id=\"21781ab\" data-element_type=\"container\" data-e-type=\"container\">\n\t\t\t\t\t<div class=\"e-con-inner\">\n\t\t<div class=\"elementor-element elementor-element-76af3e7 e-con-full e-flex wpr-particle-no wpr-jarallax-no wpr-parallax-no wpr-sticky-section-no e-con e-child\" data-id=\"76af3e7\" data-element_type=\"container\" data-e-type=\"container\">\n\t\t\t\t<div class=\"elementor-element elementor-element-a3ed6f7 elementor-widget elementor-widget-image\" data-id=\"a3ed6f7\" data-element_type=\"widget\" data-e-type=\"widget\" data-widget_type=\"image.default\">\n\t\t\t\t<div class=\"elementor-widget-container\">\n\t\t\t\t\t\t\t\t\t\t\t\t\t\t\t<img fetchpriority=\"high\" decoding=\"async\" width=\"720\" height=\"1024\" src=\"https:\/\/ming-agentur.ch\/wp-content\/uploads\/2025\/01\/Ming_agentur_Team_Ewa-Ming_2-720x1024.jpg\" class=\"attachment-large size-large wp-image-2562\" alt=\"\" srcset=\"https:\/\/ming-agentur.ch\/wp-content\/uploads\/2025\/01\/Ming_agentur_Team_Ewa-Ming_2-720x1024.jpg 720w, https:\/\/ming-agentur.ch\/wp-content\/uploads\/2025\/01\/Ming_agentur_Team_Ewa-Ming_2-211x300.jpg 211w, https:\/\/ming-agentur.ch\/wp-content\/uploads\/2025\/01\/Ming_agentur_Team_Ewa-Ming_2-768x1093.jpg 768w, https:\/\/ming-agentur.ch\/wp-content\/uploads\/2025\/01\/Ming_agentur_Team_Ewa-Ming_2-1079x1536.jpg 1079w, https:\/\/ming-agentur.ch\/wp-content\/uploads\/2025\/01\/Ming_agentur_Team_Ewa-Ming_2-1439x2048.jpg 1439w, https:\/\/ming-agentur.ch\/wp-content\/uploads\/2025\/01\/Ming_agentur_Team_Ewa-Ming_2-scaled.jpg 1799w\" sizes=\"(max-width: 720px) 100vw, 720px\" \/>\t\t\t\t\t\t\t\t\t\t\t\t\t\t\t<\/div>\n\t\t\t\t<\/div>\n\t\t\t\t<\/div>\n\t\t<div class=\"elementor-element elementor-element-f533e07 e-con-full e-flex wpr-particle-no wpr-jarallax-no wpr-parallax-no wpr-sticky-section-no e-con e-child\" data-id=\"f533e07\" data-element_type=\"container\" data-e-type=\"container\">\n\t\t\t\t<div class=\"elementor-element elementor-element-f203aa1 elementor-widget elementor-widget-text-editor\" data-id=\"f203aa1\" data-element_type=\"widget\" data-e-type=\"widget\" data-widget_type=\"text-editor.default\">\n\t\t\t\t<div class=\"elementor-widget-container\">\n\t\t\t\t\t\t\t\t\t<p>ewa.<\/p>\t\t\t\t\t\t\t\t<\/div>\n\t\t\t\t<\/div>\n\t\t\t\t<div class=\"elementor-element elementor-element-31c7803 elementor-widget elementor-widget-text-editor\" data-id=\"31c7803\" data-element_type=\"widget\" data-e-type=\"widget\" data-widget_type=\"text-editor.default\">\n\t\t\t\t<div class=\"elementor-widget-container\">\n\t\t\t\t\t\t\t\t\t<p><strong>The visionary, future shaper, multiple entrepreneur, and VR.\u00a0<\/strong><\/p>\t\t\t\t\t\t\t\t<\/div>\n\t\t\t\t<\/div>\n\t\t\t\t<div class=\"elementor-element elementor-element-078415a elementor-shape-circle e-grid-align-left elementor-grid-0 elementor-widget elementor-widget-social-icons\" data-id=\"078415a\" data-element_type=\"widget\" data-e-type=\"widget\" data-widget_type=\"social-icons.default\">\n\t\t\t\t<div class=\"elementor-widget-container\">\n\t\t\t\t\t\t\t<div class=\"elementor-social-icons-wrapper elementor-grid\" role=\"list\">\n\t\t\t\t\t\t\t<span class=\"elementor-grid-item\" role=\"listitem\">\n\t\t\t\t\t<a class=\"elementor-icon elementor-social-icon elementor-social-icon-linkedin elementor-repeater-item-2ad9469\" target=\"_blank\">\n\t\t\t\t\t\t<span class=\"elementor-screen-only\">Linkedin<\/span>\n\t\t\t\t\t\t<svg aria-hidden=\"true\" class=\"e-font-icon-svg e-fab-linkedin\" viewbox=\"0 0 448 512\" xmlns=\"http:\/\/www.w3.org\/2000\/svg\"><path d=\"M416 32H31.9C14.3 32 0 46.5 0 64.3v383.4C0 465.5 14.3 480 31.9 480H416c17.6 0 32-14.5 32-32.3V64.3c0-17.8-14.4-32.3-32-32.3zM135.4 416H69V202.2h66.5V416zm-33.2-243c-21.3 0-38.5-17.3-38.5-38.5S80.9 96 102.2 96c21.2 0 38.5 17.3 38.5 38.5 0 21.3-17.2 38.5-38.5 38.5zm282.1 243h-66.4V312c0-24.8-.5-56.7-34.5-56.7-34.6 0-39.9 27-39.9 54.9V416h-66.4V202.2h63.7v29.2h.9c8.9-16.8 30.6-34.5 62.9-34.5 67.2 0 79.7 44.3 79.7 101.9V416z\"><\/path><\/svg>\t\t\t\t\t<\/a>\n\t\t\t\t<\/span>\n\t\t\t\t\t\t\t<span class=\"elementor-grid-item\" role=\"listitem\">\n\t\t\t\t\t<a class=\"elementor-icon elementor-social-icon elementor-social-icon-envelope elementor-repeater-item-46bb00d\" href=\"mailto:e.ming@ming-agentur.ch\" target=\"_blank\">\n\t\t\t\t\t\t<span class=\"elementor-screen-only\">Envelope<\/span>\n\t\t\t\t\t\t<svg aria-hidden=\"true\" class=\"e-font-icon-svg e-fas-envelope\" viewbox=\"0 0 512 512\" xmlns=\"http:\/\/www.w3.org\/2000\/svg\"><path d=\"M502.3 190.8c3.9-3.1 9.7-.2 9.7 4.7V400c0 26.5-21.5 48-48 48H48c-26.5 0-48-21.5-48-48V195.6c0-5 5.7-7.8 9.7-4.7 22.4 17.4 52.1 39.5 154.1 113.6 21.1 15.4 56.7 47.8 92.2 47.6 35.7.3 72-32.8 92.3-47.6 102-74.1 131.6-96.3 154-113.7zM256 320c23.2.4 56.6-29.2 73.4-41.4 132.7-96.3 142.8-104.7 173.4-128.7 5.8-4.5 9.2-11.5 9.2-18.9v-19c0-26.5-21.5-48-48-48H48C21.5 64 0 85.5 0 112v19c0 7.4 3.4 14.3 9.2 18.9 30.6 23.9 40.7 32.4 173.4 128.7 16.8 12.2 50.2 41.8 73.4 41.4z\"><\/path><\/svg>\t\t\t\t\t<\/a>\n\t\t\t\t<\/span>\n\t\t\t\t\t<\/div>\n\t\t\t\t\t\t<\/div>\n\t\t\t\t<\/div>\n\t\t\t\t<\/div>\n\t\t\t\t\t<\/div>\n\t\t\t\t<\/div>\n\t\t<div class=\"elementor-element elementor-element-b14cc40 e-flex e-con-boxed wpr-particle-no wpr-jarallax-no wpr-parallax-no wpr-sticky-section-no e-con e-parent\" data-id=\"b14cc40\" data-element_type=\"container\" data-e-type=\"container\">\n\t\t\t\t\t<div class=\"e-con-inner\">\n\t\t<div class=\"elementor-element elementor-element-e7a0313 e-con-full e-flex wpr-particle-no wpr-jarallax-no wpr-parallax-no wpr-sticky-section-no e-con e-child\" data-id=\"e7a0313\" data-element_type=\"container\" data-e-type=\"container\">\n\t\t\t\t<div class=\"elementor-element elementor-element-b0e3a3e elementor-widget elementor-widget-text-editor\" data-id=\"b0e3a3e\" data-element_type=\"widget\" data-e-type=\"widget\" data-widget_type=\"text-editor.default\">\n\t\t\t\t<div class=\"elementor-widget-container\">\n\t\t\t\t\t\t\t\t\t<p><span style=\"letter-spacing: 0px;\">I am a pragmatic <\/span><strong style=\"letter-spacing: 0px;\" data-start=\"241\" data-end=\"253\">doer<\/strong><span style=\"letter-spacing: 0px;\"> with a deep understanding of the Swiss market and a <\/span><strong style=\"letter-spacing: 0px;\" data-start=\"309\" data-end=\"339\">unique B2B network<\/strong><span style=\"letter-spacing: 0px;\">that I have built up over more than 28 years. With a passion for <\/span><strong style=\"letter-spacing: 0px;\" data-start=\"404\" data-end=\"464\">innovation, future-oriented topics, and unconventional solutions<\/strong><span style=\"letter-spacing: 0px;\"> , I connect people, ideas, and companies\u2014always with the aim of creating sustainable partnerships and successful projects.<\/span><\/p><p data-start=\"602\" data-end=\"750\">Like a gardener, <strong data-start=\"621\" data-end=\"638\">I sow ideas<\/strong>, nurture them with dedication, and rejoice in the <strong data-start=\"687\" data-end=\"747\">blossoming of successful initiatives, events, and campaigns.<\/strong>.<\/p><p>\u00a0<\/p><p data-start=\"752\" data-end=\"1200\">In my private life, I am drawn to the world and nature -  away from the tourist trails. <strong data-start=\"811\" data-end=\"841\">abseits der Touristenpfade<\/strong>As the hostess of <em data-start=\"863\" data-end=\"886\">Serenity Garden Villa<\/em> in Lower Silesia (Poland), I welcome guests from all over the world. I speak seven languages, have traveled to over 98 countries, and bring a <strong data-start=\"1039\" data-end=\"1061\">wealth of experience<\/strong> with me\u2014which I am happy to share.<br data-start=\"1088\" data-end=\"1091\" \/>As a <strong data-start=\"1095\" data-end=\"1117\">sparring partner<\/strong> , I support you in shaping your visions and putting them into practice.<\/p><p>\u00a0<\/p>\t\t\t\t\t\t\t\t<\/div>\n\t\t\t\t<\/div>\n\t\t\t\t<\/div>\n\t\t<div class=\"elementor-element elementor-element-3bdd4c8 e-con-full e-flex wpr-particle-no wpr-jarallax-no wpr-parallax-no wpr-sticky-section-no e-con e-child\" data-id=\"3bdd4c8\" data-element_type=\"container\" data-e-type=\"container\">\n\t\t\t\t<div class=\"elementor-element elementor-element-7ce19ac elementor-widget elementor-widget-image\" data-id=\"7ce19ac\" data-element_type=\"widget\" data-e-type=\"widget\" data-widget_type=\"image.default\">\n\t\t\t\t<div class=\"elementor-widget-container\">\n\t\t\t\t\t\t\t\t\t\t\t\t\t\t\t<img decoding=\"async\" width=\"800\" height=\"759\" src=\"https:\/\/ming-agentur.ch\/wp-content\/uploads\/2025\/01\/20241208_114652000_iOS-1-e1737926046990-1024x971.jpg\" class=\"attachment-large size-large wp-image-2753\" alt=\"\" srcset=\"https:\/\/ming-agentur.ch\/wp-content\/uploads\/2025\/01\/20241208_114652000_iOS-1-e1737926046990-1024x971.jpg 1024w, https:\/\/ming-agentur.ch\/wp-content\/uploads\/2025\/01\/20241208_114652000_iOS-1-e1737926046990-300x285.jpg 300w, https:\/\/ming-agentur.ch\/wp-content\/uploads\/2025\/01\/20241208_114652000_iOS-1-e1737926046990-768x729.jpg 768w, https:\/\/ming-agentur.ch\/wp-content\/uploads\/2025\/01\/20241208_114652000_iOS-1-e1737926046990.jpg 1500w\" sizes=\"(max-width: 800px) 100vw, 800px\" \/>\t\t\t\t\t\t\t\t\t\t\t\t\t\t\t<\/div>\n\t\t\t\t<\/div>\n\t\t\t\t<\/div>\n\t\t\t\t\t<\/div>\n\t\t\t\t<\/div>\n\t\t<div class=\"elementor-element elementor-element-a097439 e-flex e-con-boxed wpr-particle-no wpr-jarallax-no wpr-parallax-no wpr-sticky-section-no e-con e-parent\" data-id=\"a097439\" data-element_type=\"container\" data-e-type=\"container\">\n\t\t\t\t\t<div class=\"e-con-inner\">\n\t\t\t\t<div class=\"elementor-element elementor-element-216d09a elementor-widget elementor-widget-image\" data-id=\"216d09a\" data-element_type=\"widget\" data-e-type=\"widget\" data-widget_type=\"image.default\">\n\t\t\t\t<div class=\"elementor-widget-container\">\n\t\t\t\t\t\t\t\t\t\t\t\t\t\t\t<img decoding=\"async\" width=\"800\" height=\"555\" src=\"https:\/\/ming-agentur.ch\/wp-content\/uploads\/2025\/01\/IMG_6919-scaled-e1737926416244-1024x711.jpg\" class=\"attachment-large size-large wp-image-2755\" alt=\"\" srcset=\"https:\/\/ming-agentur.ch\/wp-content\/uploads\/2025\/01\/IMG_6919-scaled-e1737926416244-1024x711.jpg 1024w, https:\/\/ming-agentur.ch\/wp-content\/uploads\/2025\/01\/IMG_6919-scaled-e1737926416244-300x208.jpg 300w, https:\/\/ming-agentur.ch\/wp-content\/uploads\/2025\/01\/IMG_6919-scaled-e1737926416244-768x533.jpg 768w, https:\/\/ming-agentur.ch\/wp-content\/uploads\/2025\/01\/IMG_6919-scaled-e1737926416244-1536x1067.jpg 1536w\" sizes=\"(max-width: 800px) 100vw, 800px\" \/>\t\t\t\t\t\t\t\t\t\t\t\t\t\t\t<\/div>\n\t\t\t\t<\/div>\n\t\t\t\t\t<\/div>\n\t\t\t\t<\/div>\n\t\t<div class=\"elementor-element elementor-element-09e967a e-flex e-con-boxed wpr-particle-no wpr-jarallax-no wpr-parallax-no wpr-sticky-section-no e-con e-parent\" data-id=\"09e967a\" data-element_type=\"container\" data-e-type=\"container\">\n\t\t\t\t\t<div class=\"e-con-inner\">\n\t\t\t\t<div class=\"elementor-element elementor-element-17b1b8c elementor-widget elementor-widget-image\" data-id=\"17b1b8c\" data-element_type=\"widget\" data-e-type=\"widget\" data-widget_type=\"image.default\">\n\t\t\t\t<div class=\"elementor-widget-container\">\n\t\t\t\t\t\t\t\t\t\t\t\t\t\t\t<img loading=\"lazy\" decoding=\"async\" width=\"800\" height=\"800\" src=\"https:\/\/ming-agentur.ch\/wp-content\/uploads\/2025\/01\/20210729_085633382_iOS-1024x1024.jpg\" class=\"attachment-large size-large wp-image-2878\" alt=\"\" srcset=\"https:\/\/ming-agentur.ch\/wp-content\/uploads\/2025\/01\/20210729_085633382_iOS-1024x1024.jpg 1024w, https:\/\/ming-agentur.ch\/wp-content\/uploads\/2025\/01\/20210729_085633382_iOS-300x300.jpg 300w, https:\/\/ming-agentur.ch\/wp-content\/uploads\/2025\/01\/20210729_085633382_iOS-150x150.jpg 150w, https:\/\/ming-agentur.ch\/wp-content\/uploads\/2025\/01\/20210729_085633382_iOS-768x768.jpg 768w, https:\/\/ming-agentur.ch\/wp-content\/uploads\/2025\/01\/20210729_085633382_iOS-1536x1536.jpg 1536w, https:\/\/ming-agentur.ch\/wp-content\/uploads\/2025\/01\/20210729_085633382_iOS-2048x2048.jpg 2048w\" sizes=\"(max-width: 800px) 100vw, 800px\" \/>\t\t\t\t\t\t\t\t\t\t\t\t\t\t\t<\/div>\n\t\t\t\t<\/div>\n\t\t\t\t\t<\/div>\n\t\t\t\t<\/div>\n\t\t\t\t<\/div>","protected":false},"excerpt":{"rendered":"<p>ewa. Die Vision\u00e4rin, Zukunftsgestalterin, Multiple-Unternehmerin &amp; VR.\u00a0 Linkedin Envelope Ich bin eine pragmatische Macherin mit tiefem Verst\u00e4ndnis des Schweizer Marktes und einem einzigartigen B2B-Netzwerk, das ich in \u00fcber 28 Jahren aufgebaut habe. Mit Leidenschaft f\u00fcr Innovation, Zukunftsthemen und unkonventionelle L\u00f6sungen vernetze ich Menschen, Ideen und Unternehmen \u2013 stets mit dem Ziel, nachhaltige Partnerschaften und erfolgreiche Projekte zu schaffen. Wie eine G\u00e4rtnerin s\u00e4e ich Ideen, pflege sie mit Hingabe und freue mich \u00fcber das Erbl\u00fchen erfolgreicher Initiativen, Events und Kampagnen. \u00a0 Privat zieht es mich hinaus in die Welt und in die Natur \u2013 abseits der Touristenpfade. Als Gastgeberin der Serenity Garden Villa in Niederschlesien (Polen) begr\u00fcsse ich G\u00e4ste aus aller Welt. Ich spreche sieben Sprachen, habe \u00fcber 98 L\u00e4nder bereist und bringe einen reich gef\u00fcllten Erfahrungsrucksack mit \u2013 den ich gerne teile.Als Sparring-Partnerin unterst\u00fctze ich Sie dabei, Ihre Visionen zu gestalten und in die Tat umzusetzen. \u00a0<\/p>","protected":false},"author":4,"featured_media":0,"parent":0,"menu_order":0,"comment_status":"closed","ping_status":"closed","template":"elementor_header_footer","meta":{"footnotes":""},"class_list":["post-2900","page","type-page","status-publish","hentry"],"_links":{"self":[{"href":"https:\/\/ming-agentur.ch\/en\/wp-json\/wp\/v2\/pages\/2900","targetHints":{"allow":["GET"]}}],"collection":[{"href":"https:\/\/ming-agentur.ch\/en\/wp-json\/wp\/v2\/pages"}],"about":[{"href":"https:\/\/ming-agentur.ch\/en\/wp-json\/wp\/v2\/types\/page"}],"author":[{"embeddable":true,"href":"https:\/\/ming-agentur.ch\/en\/wp-json\/wp\/v2\/users\/4"}],"replies":[{"embeddable":true,"href":"https:\/\/ming-agentur.ch\/en\/wp-json\/wp\/v2\/comments?post=2900"}],"version-history":[{"count":20,"href":"https:\/\/ming-agentur.ch\/en\/wp-json\/wp\/v2\/pages\/2900\/revisions"}],"predecessor-version":[{"id":4031,"href":"https:\/\/ming-agentur.ch\/en\/wp-json\/wp\/v2\/pages\/2900\/revisions\/4031"}],"wp:attachment":[{"href":"https:\/\/ming-agentur.ch\/en\/wp-json\/wp\/v2\/media?parent=2900"}],"curies":[{"name":"wp","href":"https:\/\/api.w.org\/{rel}","templated":true}]}}