{"id":839,"date":"2024-08-05T14:56:17","date_gmt":"2024-08-05T14:56:17","guid":{"rendered":"https:\/\/staging.ming-agentur.ch\/?page_id=839"},"modified":"2026-04-10T12:28:40","modified_gmt":"2026-04-10T12:28:40","slug":"beratung-repraesentanz","status":"publish","type":"page","link":"https:\/\/ming-agentur.ch\/en\/beratung-repraesentanz","title":{"rendered":"Consulting &amp; Representation"},"content":{"rendered":"\t\t<div data-elementor-type=\"wp-page\" data-elementor-id=\"839\" class=\"elementor elementor-839\" data-elementor-post-type=\"page\">\n\t\t\t\t<div class=\"elementor-element elementor-element-a8d1a1b e-flex e-con-boxed wpr-particle-no wpr-jarallax-no wpr-parallax-no wpr-sticky-section-no e-con e-parent\" data-id=\"a8d1a1b\" data-element_type=\"container\" data-e-type=\"container\" data-settings=\"{&quot;background_background&quot;:&quot;classic&quot;}\">\n\t\t\t\t\t<div class=\"e-con-inner\">\n\t\t<div class=\"elementor-element elementor-element-fb6dbb5 e-con-full e-flex wpr-particle-no wpr-jarallax-no wpr-parallax-no wpr-sticky-section-no e-con e-child\" data-id=\"fb6dbb5\" data-element_type=\"container\" data-e-type=\"container\">\n\t\t\t\t<div class=\"elementor-element elementor-element-df264a5 elementor-widget elementor-widget-heading\" data-id=\"df264a5\" data-element_type=\"widget\" data-e-type=\"widget\" data-widget_type=\"heading.default\">\n\t\t\t\t<div class=\"elementor-widget-container\">\n\t\t\t\t\t<h1 class=\"elementor-heading-title elementor-size-default\">wirkungsfaktor.<\/h1>\t\t\t\t<\/div>\n\t\t\t\t<\/div>\n\t\t\t\t<\/div>\n\t\t\t\t\t<\/div>\n\t\t\t\t<\/div>\n\t\t<div class=\"elementor-element elementor-element-1e30fda e-flex e-con-boxed wpr-particle-no wpr-jarallax-no wpr-parallax-no wpr-sticky-section-no e-con e-parent\" data-id=\"1e30fda\" data-element_type=\"container\" data-e-type=\"container\" data-settings=\"{&quot;background_background&quot;:&quot;classic&quot;}\">\n\t\t\t\t\t<div class=\"e-con-inner\">\n\t\t<div class=\"elementor-element elementor-element-9bdf82b e-con-full elementor-hidden-mobile e-flex wpr-particle-no wpr-jarallax-no wpr-parallax-no wpr-sticky-section-no e-con e-child\" data-id=\"9bdf82b\" data-element_type=\"container\" data-e-type=\"container\">\n\t\t\t\t<div class=\"elementor-element elementor-element-a3ed6f7 elementor-widget elementor-widget-image\" data-id=\"a3ed6f7\" data-element_type=\"widget\" data-e-type=\"widget\" data-settings=\"{&quot;motion_fx_motion_fx_scrolling&quot;:&quot;yes&quot;,&quot;motion_fx_translateY_effect&quot;:&quot;yes&quot;,&quot;motion_fx_translateY_direction&quot;:&quot;negative&quot;,&quot;motion_fx_translateY_speed&quot;:{&quot;unit&quot;:&quot;px&quot;,&quot;size&quot;:1.600000000000000088817841970012523233890533447265625,&quot;sizes&quot;:[]},&quot;motion_fx_translateY_affectedRange&quot;:{&quot;unit&quot;:&quot;%&quot;,&quot;size&quot;:&quot;&quot;,&quot;sizes&quot;:{&quot;start&quot;:15,&quot;end&quot;:100}},&quot;motion_fx_opacity_effect&quot;:&quot;yes&quot;,&quot;motion_fx_opacity_direction&quot;:&quot;out-in-out&quot;,&quot;motion_fx_rotateZ_effect&quot;:&quot;yes&quot;,&quot;motion_fx_rotateZ_direction&quot;:&quot;negative&quot;,&quot;motion_fx_opacity_level&quot;:{&quot;unit&quot;:&quot;px&quot;,&quot;size&quot;:10,&quot;sizes&quot;:[]},&quot;motion_fx_opacity_range&quot;:{&quot;unit&quot;:&quot;%&quot;,&quot;size&quot;:&quot;&quot;,&quot;sizes&quot;:{&quot;start&quot;:20,&quot;end&quot;:80}},&quot;motion_fx_rotateZ_speed&quot;:{&quot;unit&quot;:&quot;px&quot;,&quot;size&quot;:1,&quot;sizes&quot;:[]},&quot;motion_fx_rotateZ_affectedRange&quot;:{&quot;unit&quot;:&quot;%&quot;,&quot;size&quot;:&quot;&quot;,&quot;sizes&quot;:{&quot;start&quot;:0,&quot;end&quot;:100}},&quot;motion_fx_devices&quot;:[&quot;desktop&quot;,&quot;tablet&quot;,&quot;mobile&quot;]}\" data-widget_type=\"image.default\">\n\t\t\t\t<div class=\"elementor-widget-container\">\n\t\t\t\t\t\t\t\t\t\t\t\t\t\t\t<img decoding=\"async\" width=\"220\" height=\"224\" src=\"https:\/\/ming-agentur.ch\/wp-content\/uploads\/2024\/08\/ming-agentur-partner-grafik-quadrat_2.svg\" class=\"attachment-large size-large wp-image-851\" alt=\"\" \/>\t\t\t\t\t\t\t\t\t\t\t\t\t\t\t<\/div>\n\t\t\t\t<\/div>\n\t\t\t\t<div class=\"elementor-element elementor-element-bddb73b elementor-widget elementor-widget-image\" data-id=\"bddb73b\" data-element_type=\"widget\" data-e-type=\"widget\" data-settings=\"{&quot;motion_fx_motion_fx_scrolling&quot;:&quot;yes&quot;,&quot;motion_fx_opacity_effect&quot;:&quot;yes&quot;,&quot;motion_fx_opacity_direction&quot;:&quot;out-in-out&quot;,&quot;motion_fx_opacity_level&quot;:{&quot;unit&quot;:&quot;px&quot;,&quot;size&quot;:10,&quot;sizes&quot;:[]},&quot;motion_fx_opacity_range&quot;:{&quot;unit&quot;:&quot;%&quot;,&quot;size&quot;:&quot;&quot;,&quot;sizes&quot;:{&quot;start&quot;:20,&quot;end&quot;:80}},&quot;motion_fx_devices&quot;:[&quot;desktop&quot;,&quot;tablet&quot;,&quot;mobile&quot;]}\" data-widget_type=\"image.default\">\n\t\t\t\t<div class=\"elementor-widget-container\">\n\t\t\t\t\t\t\t\t\t\t\t\t\t\t\t<img decoding=\"async\" width=\"220\" height=\"224\" src=\"https:\/\/ming-agentur.ch\/wp-content\/uploads\/2024\/08\/ming-agentur-partner-grafik-quadrat_1.svg\" class=\"attachment-medium size-medium wp-image-850\" alt=\"\" \/>\t\t\t\t\t\t\t\t\t\t\t\t\t\t\t<\/div>\n\t\t\t\t<\/div>\n\t\t\t\t<\/div>\n\t\t<div class=\"elementor-element elementor-element-d218bca e-con-full e-flex wpr-particle-no wpr-jarallax-no wpr-parallax-no wpr-sticky-section-no e-con e-child\" data-id=\"d218bca\" data-element_type=\"container\" data-e-type=\"container\">\n\t\t\t\t<div class=\"elementor-element elementor-element-f203aa1 elementor-widget elementor-widget-text-editor\" data-id=\"f203aa1\" data-element_type=\"widget\" data-e-type=\"widget\" data-widget_type=\"text-editor.default\">\n\t\t\t\t<div class=\"elementor-widget-container\">\n\t\t\t\t\t\t\t\t\t<p>Beratung und strategische Entwicklung<\/p>\t\t\t\t\t\t\t\t<\/div>\n\t\t\t\t<\/div>\n\t\t\t\t<div class=\"elementor-element elementor-element-879defd elementor-widget elementor-widget-text-editor\" data-id=\"879defd\" data-element_type=\"widget\" data-e-type=\"widget\" data-widget_type=\"text-editor.default\">\n\t\t\t\t<div class=\"elementor-widget-container\">\n\t\t\t\t\t\t\t\t\t<p>Haben Sie ein Projekt, ein Event oder eine Gesch\u00e4ftsidee und ben\u00f6tigen neue Ideen, L\u00f6sungsans\u00e4tze und Perspektiven, um Ihren Erfolg zu st\u00e4rken? Wir stehen Ihnen gerne beratend zur Seite, um Ihr Vorhaben optimal zu unterst\u00fctzen und voranzubringen.<\/p>\t\t\t\t\t\t\t\t<\/div>\n\t\t\t\t<\/div>\n\t\t\t\t<div class=\"elementor-element elementor-element-20e4874 elementor-widget elementor-widget-text-editor\" data-id=\"20e4874\" data-element_type=\"widget\" data-e-type=\"widget\" data-widget_type=\"text-editor.default\">\n\t\t\t\t<div class=\"elementor-widget-container\">\n\t\t\t\t\t\t\t\t\t<p>Zus\u00e4tzlich bieten wir umfassende Repr\u00e4sentanzleistungen an. Ein zentraler Bestandteil unserer Arbeit ist die Vertretung der Messe Berlin in der Schweiz und Liechtenstein. Wir k\u00fcmmern uns um die Vermarktung und die St\u00e4rkung der Marktpr\u00e4senz, um einen erfolgreichen Austausch zwischen den Akteuren der Branche zu f\u00f6rdern.<\/p>\t\t\t\t\t\t\t\t<\/div>\n\t\t\t\t<\/div>\n\t\t\t\t<div class=\"elementor-element elementor-element-863f508 elementor-widget elementor-widget-text-editor\" data-id=\"863f508\" data-element_type=\"widget\" data-e-type=\"widget\" data-widget_type=\"text-editor.default\">\n\t\t\t\t<div class=\"elementor-widget-container\">\n\t\t\t\t\t\t\t\t\t<p>Dar\u00fcber hinaus vertreten wir verschiedene Pers\u00f6nlichkeiten und Speaker, um deren Expertise gezielt zu vermarkten und deren Botschaften in der \u00d6ffentlichkeit zu positionieren.<\/p>\t\t\t\t\t\t\t\t<\/div>\n\t\t\t\t<\/div>\n\t\t\t\t<\/div>\n\t\t\t\t\t<\/div>\n\t\t\t\t<\/div>\n\t\t<div class=\"elementor-element elementor-element-a0abdb7 e-flex e-con-boxed wpr-particle-no wpr-jarallax-no wpr-parallax-no wpr-sticky-section-no e-con e-parent\" data-id=\"a0abdb7\" data-element_type=\"container\" data-e-type=\"container\">\n\t\t\t\t\t<div class=\"e-con-inner\">\n\t\t\t\t<div class=\"elementor-element elementor-element-9321da4 elementor-widget elementor-widget-image\" data-id=\"9321da4\" data-element_type=\"widget\" data-e-type=\"widget\" data-widget_type=\"image.default\">\n\t\t\t\t<div class=\"elementor-widget-container\">\n\t\t\t\t\t\t\t\t\t\t\t\t\t\t\t<img fetchpriority=\"high\" decoding=\"async\" width=\"1536\" height=\"665\" src=\"https:\/\/ming-agentur.ch\/wp-content\/uploads\/2024\/08\/ming-agentur-partner-image-bild-1536x665.jpg\" class=\"attachment-1536x1536 size-1536x1536 wp-image-864\" alt=\"Beratung\" srcset=\"https:\/\/ming-agentur.ch\/wp-content\/uploads\/2024\/08\/ming-agentur-partner-image-bild-1536x665.jpg 1536w, https:\/\/ming-agentur.ch\/wp-content\/uploads\/2024\/08\/ming-agentur-partner-image-bild-300x130.jpg 300w, https:\/\/ming-agentur.ch\/wp-content\/uploads\/2024\/08\/ming-agentur-partner-image-bild-1024x443.jpg 1024w, https:\/\/ming-agentur.ch\/wp-content\/uploads\/2024\/08\/ming-agentur-partner-image-bild-768x333.jpg 768w, https:\/\/ming-agentur.ch\/wp-content\/uploads\/2024\/08\/ming-agentur-partner-image-bild-2048x887.jpg 2048w\" sizes=\"(max-width: 1536px) 100vw, 1536px\" \/>\t\t\t\t\t\t\t\t\t\t\t\t\t\t\t<\/div>\n\t\t\t\t<\/div>\n\t\t\t\t\t<\/div>\n\t\t\t\t<\/div>\n\t\t<div class=\"elementor-element elementor-element-733a5e86 e-flex e-con-boxed wpr-particle-no wpr-jarallax-no wpr-parallax-no wpr-sticky-section-no e-con e-parent\" data-id=\"733a5e86\" data-element_type=\"container\" data-e-type=\"container\" data-settings=\"{&quot;background_background&quot;:&quot;classic&quot;}\">\n\t\t\t\t\t<div class=\"e-con-inner\">\n\t\t\t\t<div class=\"elementor-element elementor-element-72e56e3a elementor-widget elementor-widget-heading\" data-id=\"72e56e3a\" data-element_type=\"widget\" data-e-type=\"widget\" data-widget_type=\"heading.default\">\n\t\t\t\t<div class=\"elementor-widget-container\">\n\t\t\t\t\t<h2 class=\"elementor-heading-title elementor-size-default\">repr\u00e4sentanz.<\/h2>\t\t\t\t<\/div>\n\t\t\t\t<\/div>\n\t\t\t\t\t<\/div>\n\t\t\t\t<\/div>\n\t\t<div class=\"elementor-element elementor-element-7e6d273 e-flex e-con-boxed wpr-particle-no wpr-jarallax-no wpr-parallax-no wpr-sticky-section-no e-con e-parent\" data-id=\"7e6d273\" data-element_type=\"container\" data-e-type=\"container\" data-settings=\"{&quot;background_background&quot;:&quot;classic&quot;}\">\n\t\t\t\t\t<div class=\"e-con-inner\">\n\t\t<div class=\"elementor-element elementor-element-c2a6303 e-con-full e-flex wpr-particle-no wpr-jarallax-no wpr-parallax-no wpr-sticky-section-no e-con e-child\" data-id=\"c2a6303\" data-element_type=\"container\" data-e-type=\"container\">\n\t\t\t\t<div class=\"elementor-element elementor-element-7595272d elementor-widget__width-initial elementor-widget elementor-widget-image\" data-id=\"7595272d\" data-element_type=\"widget\" data-e-type=\"widget\" data-widget_type=\"image.default\">\n\t\t\t\t<div class=\"elementor-widget-container\">\n\t\t\t\t\t\t\t\t\t\t\t\t\t\t\t<img loading=\"lazy\" decoding=\"async\" width=\"600\" height=\"600\" src=\"https:\/\/ming-agentur.ch\/wp-content\/uploads\/2025\/01\/Ming_agentur__Beratung-Raepraesentanz_Aktuelles_Messevertretung-2.jpg\" class=\"attachment-large size-large wp-image-2522\" alt=\"Messe Berlin\" srcset=\"https:\/\/ming-agentur.ch\/wp-content\/uploads\/2025\/01\/Ming_agentur__Beratung-Raepraesentanz_Aktuelles_Messevertretung-2.jpg 600w, https:\/\/ming-agentur.ch\/wp-content\/uploads\/2025\/01\/Ming_agentur__Beratung-Raepraesentanz_Aktuelles_Messevertretung-2-300x300.jpg 300w, https:\/\/ming-agentur.ch\/wp-content\/uploads\/2025\/01\/Ming_agentur__Beratung-Raepraesentanz_Aktuelles_Messevertretung-2-150x150.jpg 150w\" sizes=\"(max-width: 600px) 100vw, 600px\" \/>\t\t\t\t\t\t\t\t\t\t\t\t\t\t\t<\/div>\n\t\t\t\t<\/div>\n\t\t\t\t<div class=\"elementor-element elementor-element-b56d100 elementor-widget elementor-widget-text-editor\" data-id=\"b56d100\" data-element_type=\"widget\" data-e-type=\"widget\" data-widget_type=\"text-editor.default\">\n\t\t\t\t<div class=\"elementor-widget-container\">\n\t\t\t\t\t\t\t\t\t<p><strong>Messe Berlin Vertretung\u00a0<\/strong><\/p>\t\t\t\t\t\t\t\t<\/div>\n\t\t\t\t<\/div>\n\t\t\t\t<div class=\"elementor-element elementor-element-ff03260 elementor-widget elementor-widget-text-editor\" data-id=\"ff03260\" data-element_type=\"widget\" data-e-type=\"widget\" data-widget_type=\"text-editor.default\">\n\t\t\t\t<div class=\"elementor-widget-container\">\n\t\t\t\t\t\t\t\t\t<p>Die ming agentur ag ist seit 2022 die offizielle Vertretung der Messe Berlin f\u00fcr Schweiz &amp; Liechtenstein. Wir sind Ihr Ansprechpartner f\u00fcr Ihren Besuch oder f\u00fcr eine Messeteilnahme als Aussteller!<\/p>\t\t\t\t\t\t\t\t<\/div>\n\t\t\t\t<\/div>\n\t\t\t\t<div class=\"elementor-element elementor-element-e0e6340 elementor-align-right elementor-mobile-align-left elementor-widget elementor-widget-button\" data-id=\"e0e6340\" data-element_type=\"widget\" data-e-type=\"widget\" data-widget_type=\"button.default\">\n\t\t\t\t<div class=\"elementor-widget-container\">\n\t\t\t\t\t\t\t\t\t<div class=\"elementor-button-wrapper\">\n\t\t\t\t\t<a class=\"elementor-button elementor-size-sm\" role=\"button\">\n\t\t\t\t\t\t<span class=\"elementor-button-content-wrapper\">\n\t\t\t\t\t\t<span class=\"elementor-button-icon\">\n\t\t\t\t<svg xmlns=\"http:\/\/www.w3.org\/2000\/svg\" xmlns:xlink=\"http:\/\/www.w3.org\/1999\/xlink\" viewBox=\"0 0 113.4 110.6\"><defs><style>      .cls-1, .cls-2 {        fill: none;      }      .cls-3 {        clip-path: url(#clippath);      }      .cls-2 {        stroke: #44d2e6;        stroke-width: 15.3px;      }    <\/style><clipPath id=\"clippath\"><rect class=\"cls-1\" x=\"9\" y=\"-.2\" width=\"104.4\" height=\"110.8\"><\/rect><\/clipPath><\/defs><g><g id=\"Ebene_2\"><g id=\"Gruppe_144\"><g class=\"cls-3\"><g id=\"Gruppe_143\"><g id=\"Gruppe_140\"><path id=\"Pfad_80\" class=\"cls-2\" d=\"M14.6,105.5L104.7,4.9\"><\/path><\/g><g id=\"Gruppe_141\"><path id=\"Pfad_81\" class=\"cls-2\" d=\"M13.2,7.4h91.3\"><\/path><\/g><g id=\"Gruppe_142\"><path id=\"Pfad_82\" class=\"cls-2\" d=\"M105.7-.2v97\"><\/path><\/g><\/g><\/g><\/g><\/g><\/g><\/svg>\t\t\t<\/span>\n\t\t\t\t\t\t\t\t\t<span class=\"elementor-button-text\">Mehr erfahren<\/span>\n\t\t\t\t\t<\/span>\n\t\t\t\t\t<\/a>\n\t\t\t\t<\/div>\n\t\t\t\t\t\t\t\t<\/div>\n\t\t\t\t<\/div>\n\t\t\t\t<div class=\"elementor-element elementor-element-ce3bce8 elementor-widget__width-initial elementor-widget elementor-widget-image\" data-id=\"ce3bce8\" data-element_type=\"widget\" data-e-type=\"widget\" data-widget_type=\"image.default\">\n\t\t\t\t<div class=\"elementor-widget-container\">\n\t\t\t\t\t\t\t\t\t\t\t\t\t\t\t<img loading=\"lazy\" decoding=\"async\" width=\"600\" height=\"600\" src=\"https:\/\/ming-agentur.ch\/wp-content\/uploads\/2025\/01\/Ming_agentur_Beratung-Raepraesentanz_Aktuelles_Tafzio_Jodlowski.jpg\" class=\"attachment-large size-large wp-image-2426\" alt=\"\" srcset=\"https:\/\/ming-agentur.ch\/wp-content\/uploads\/2025\/01\/Ming_agentur_Beratung-Raepraesentanz_Aktuelles_Tafzio_Jodlowski.jpg 600w, https:\/\/ming-agentur.ch\/wp-content\/uploads\/2025\/01\/Ming_agentur_Beratung-Raepraesentanz_Aktuelles_Tafzio_Jodlowski-300x300.jpg 300w, https:\/\/ming-agentur.ch\/wp-content\/uploads\/2025\/01\/Ming_agentur_Beratung-Raepraesentanz_Aktuelles_Tafzio_Jodlowski-150x150.jpg 150w\" sizes=\"(max-width: 600px) 100vw, 600px\" \/>\t\t\t\t\t\t\t\t\t\t\t\t\t\t\t<\/div>\n\t\t\t\t<\/div>\n\t\t\t\t<div class=\"elementor-element elementor-element-617eff0 elementor-widget elementor-widget-text-editor\" data-id=\"617eff0\" data-element_type=\"widget\" data-e-type=\"widget\" data-widget_type=\"text-editor.default\">\n\t\t\t\t<div class=\"elementor-widget-container\">\n\t\t\t\t\t\t\t\t\t<p><b>Dr. Tadeusz Jodlowski<\/b><\/p>\t\t\t\t\t\t\t\t<\/div>\n\t\t\t\t<\/div>\n\t\t\t\t<div class=\"elementor-element elementor-element-5fce9a0 elementor-widget elementor-widget-text-editor\" data-id=\"5fce9a0\" data-element_type=\"widget\" data-e-type=\"widget\" data-widget_type=\"text-editor.default\">\n\t\t\t\t<div class=\"elementor-widget-container\">\n\t\t\t\t\t\t\t\t\t<p>Dr. Tadeusz Jodlowski ist ein preisgekr\u00f6nter Dozent, Komponist und Autor aus England, dessen Expertise in Musik und Bildung beeindruckt.\u00a0Wir unterst\u00fctzen ihn in den Bereichen Marketing, Personal Branding und Event-Aktivit\u00e4ten. Wir \u00fcbernehmen Repr\u00e4sentanzen und Vertretungen und organisieren erfolgreiche Auftritte und Projekte, um seine Visionen zu verwirklichen.<\/p>\t\t\t\t\t\t\t\t<\/div>\n\t\t\t\t<\/div>\n\t\t\t\t<\/div>\n\t\t<div class=\"elementor-element elementor-element-2d2bfb20 e-con-full elementor-hidden-mobile e-flex wpr-particle-no wpr-jarallax-no wpr-parallax-no wpr-sticky-section-no e-con e-child\" data-id=\"2d2bfb20\" data-element_type=\"container\" data-e-type=\"container\">\n\t\t\t\t<\/div>\n\t\t<div class=\"elementor-element elementor-element-7deda09 e-con-full e-flex wpr-particle-no wpr-jarallax-no wpr-parallax-no wpr-sticky-section-no e-con e-child\" data-id=\"7deda09\" data-element_type=\"container\" data-e-type=\"container\">\n\t\t\t\t<div class=\"elementor-element elementor-element-1cea40ea elementor-widget__width-initial elementor-widget elementor-widget-image\" data-id=\"1cea40ea\" data-element_type=\"widget\" data-e-type=\"widget\" data-widget_type=\"image.default\">\n\t\t\t\t<div class=\"elementor-widget-container\">\n\t\t\t\t\t\t\t\t\t\t\t\t\t\t\t<img loading=\"lazy\" decoding=\"async\" width=\"600\" height=\"600\" src=\"https:\/\/ming-agentur.ch\/wp-content\/uploads\/2025\/01\/Ming_agentur_Beratung-Raepraesentanz_Aktuelles_Strittmatter.jpg\" class=\"attachment-large size-large wp-image-2470\" alt=\"\" srcset=\"https:\/\/ming-agentur.ch\/wp-content\/uploads\/2025\/01\/Ming_agentur_Beratung-Raepraesentanz_Aktuelles_Strittmatter.jpg 600w, https:\/\/ming-agentur.ch\/wp-content\/uploads\/2025\/01\/Ming_agentur_Beratung-Raepraesentanz_Aktuelles_Strittmatter-300x300.jpg 300w, https:\/\/ming-agentur.ch\/wp-content\/uploads\/2025\/01\/Ming_agentur_Beratung-Raepraesentanz_Aktuelles_Strittmatter-150x150.jpg 150w\" sizes=\"(max-width: 600px) 100vw, 600px\" \/>\t\t\t\t\t\t\t\t\t\t\t\t\t\t\t<\/div>\n\t\t\t\t<\/div>\n\t\t\t\t<div class=\"elementor-element elementor-element-e457969 elementor-widget elementor-widget-text-editor\" data-id=\"e457969\" data-element_type=\"widget\" data-e-type=\"widget\" data-widget_type=\"text-editor.default\">\n\t\t\t\t<div class=\"elementor-widget-container\">\n\t\t\t\t\t\t\t\t\t<p><b>Nadine Strittmatter<\/b><\/p>\t\t\t\t\t\t\t\t<\/div>\n\t\t\t\t<\/div>\n\t\t\t\t<div class=\"elementor-element elementor-element-51d12600 elementor-widget elementor-widget-text-editor\" data-id=\"51d12600\" data-element_type=\"widget\" data-e-type=\"widget\" data-widget_type=\"text-editor.default\">\n\t\t\t\t<div class=\"elementor-widget-container\">\n\t\t\t\t\t\t\t\t\t<p>Nadine Strittmatter ist eines der erfolgreichsten Schweizer Models, die heute neue Wege geht. Sie ist als Markenbotschafterin, Kreativ-Unternehmerin und Autorin engagiert und blickt auf eine \u00fcber 20-j\u00e4hrige internationale Model Karriere-Vergangenheit zur\u00fcck.<\/p><p>Als ming agentur vertreten wir Nadine Strittmatter in der Schweiz.<\/p>\t\t\t\t\t\t\t\t<\/div>\n\t\t\t\t<\/div>\n\t\t\t\t<\/div>\n\t\t\t\t\t<\/div>\n\t\t\t\t<\/div>\n\t\t\t\t<\/div>\n\t\t","protected":false},"excerpt":{"rendered":"<p>wirkungsfaktor. Beratung und strategische Entwicklung Haben Sie ein Projekt, ein Event oder eine Gesch\u00e4ftsidee und ben\u00f6tigen neue Ideen, L\u00f6sungsans\u00e4tze und Perspektiven, um Ihren Erfolg zu st\u00e4rken? Wir stehen Ihnen gerne beratend zur Seite, um Ihr Vorhaben optimal zu unterst\u00fctzen und voranzubringen. Zus\u00e4tzlich bieten wir umfassende Repr\u00e4sentanzleistungen an. Ein zentraler Bestandteil unserer Arbeit ist die Vertretung der Messe Berlin in der Schweiz und Liechtenstein. Wir k\u00fcmmern uns um die Vermarktung und die St\u00e4rkung der Marktpr\u00e4senz, um einen erfolgreichen Austausch zwischen den Akteuren der Branche zu f\u00f6rdern. Dar\u00fcber hinaus vertreten wir verschiedene Pers\u00f6nlichkeiten und Speaker, um deren Expertise gezielt zu vermarkten und deren Botschaften in der \u00d6ffentlichkeit zu positionieren. repr\u00e4sentanz. Messe Berlin Vertretung\u00a0 Die ming agentur ag ist seit 2022 die offizielle Vertretung der Messe Berlin f\u00fcr Schweiz &amp; Liechtenstein. Wir sind Ihr Ansprechpartner f\u00fcr Ihren Besuch oder f\u00fcr eine Messeteilnahme als Aussteller! Mehr erfahren Dr. Tadeusz Jodlowski Dr. Tadeusz Jodlowski ist ein preisgekr\u00f6nter Dozent, Komponist und Autor aus England, dessen Expertise in Musik und Bildung beeindruckt.\u00a0Wir unterst\u00fctzen ihn in den Bereichen Marketing, Personal Branding und Event-Aktivit\u00e4ten. Wir \u00fcbernehmen Repr\u00e4sentanzen und Vertretungen und organisieren erfolgreiche Auftritte und Projekte, um seine Visionen zu verwirklichen. Nadine Strittmatter Nadine Strittmatter ist eines der erfolgreichsten Schweizer Models, die heute neue Wege geht. Sie ist als Markenbotschafterin, Kreativ-Unternehmerin und Autorin engagiert und blickt auf eine \u00fcber 20-j\u00e4hrige internationale Model Karriere-Vergangenheit zur\u00fcck. Als ming agentur vertreten wir Nadine Strittmatter in der Schweiz.<\/p>","protected":false},"author":4,"featured_media":0,"parent":0,"menu_order":0,"comment_status":"closed","ping_status":"closed","template":"","meta":{"footnotes":""},"class_list":["post-839","page","type-page","status-publish","hentry"],"_links":{"self":[{"href":"https:\/\/ming-agentur.ch\/en\/wp-json\/wp\/v2\/pages\/839","targetHints":{"allow":["GET"]}}],"collection":[{"href":"https:\/\/ming-agentur.ch\/en\/wp-json\/wp\/v2\/pages"}],"about":[{"href":"https:\/\/ming-agentur.ch\/en\/wp-json\/wp\/v2\/types\/page"}],"author":[{"embeddable":true,"href":"https:\/\/ming-agentur.ch\/en\/wp-json\/wp\/v2\/users\/4"}],"replies":[{"embeddable":true,"href":"https:\/\/ming-agentur.ch\/en\/wp-json\/wp\/v2\/comments?post=839"}],"version-history":[{"count":123,"href":"https:\/\/ming-agentur.ch\/en\/wp-json\/wp\/v2\/pages\/839\/revisions"}],"predecessor-version":[{"id":4766,"href":"https:\/\/ming-agentur.ch\/en\/wp-json\/wp\/v2\/pages\/839\/revisions\/4766"}],"wp:attachment":[{"href":"https:\/\/ming-agentur.ch\/en\/wp-json\/wp\/v2\/media?parent=839"}],"curies":[{"name":"wp","href":"https:\/\/api.w.org\/{rel}","templated":true}]}}